{"id":2290,"date":"2024-02-07T15:31:20","date_gmt":"2024-02-07T14:31:20","guid":{"rendered":"https:\/\/haugstadhytter.no\/home-page\/"},"modified":"2026-04-16T10:12:34","modified_gmt":"2026-04-16T08:12:34","slug":"home-page","status":"publish","type":"page","link":"https:\/\/haugstadhytter.no\/en\/","title":{"rendered":"Home page"},"content":{"rendered":"<p>[et_pb_section fb_built=&#8221;1&#8243; custom_padding_last_edited=&#8221;on|phone&#8221; _builder_version=&#8221;4.24.0&#8243; _module_preset=&#8221;default&#8221; custom_padding=&#8221;100px||50px||false|false&#8221; custom_padding_tablet=&#8221;100px||100px||true|false&#8221; custom_padding_phone=&#8221;50px||50px||true|false&#8221; locked=&#8221;off&#8221; global_colors_info=&#8221;{}&#8221;][et_pb_row column_structure=&#8221;1_2,1_2&#8243; make_equal=&#8221;on&#8221; _builder_version=&#8221;4.27.4&#8243; _module_preset=&#8221;default&#8221; width=&#8221;90%&#8221; module_alignment=&#8221;right&#8221; custom_padding=&#8221;4px||3px|||&#8221; global_colors_info=&#8221;{}&#8221;][et_pb_column type=&#8221;1_2&#8243; _builder_version=&#8221;4.24.0&#8243; _module_preset=&#8221;default&#8221; custom_padding=&#8221;|40px|||false|false&#8221; custom_css_main_element=&#8221;align-self: center;&#8221; global_colors_info=&#8221;{}&#8221;][et_pb_text _builder_version=&#8221;4.27.4&#8243; _module_preset=&#8221;62cd34f1-4c29-4775-8532-55594f92fbc0&#8243; text_orientation=&#8221;center&#8221; max_width=&#8221;100%&#8221; max_width_tablet=&#8221;90%&#8221; max_width_phone=&#8221;90%&#8221; max_width_last_edited=&#8221;on|tablet&#8221; text_font_size_tablet=&#8221;11px&#8221; text_font_size_phone=&#8221;11px&#8221; text_font_size_last_edited=&#8221;on|tablet&#8221; header_2_font_size_phone=&#8221;30px&#8221; text_orientation_tablet=&#8221;center&#8221; text_orientation_phone=&#8221;center&#8221; text_orientation_last_edited=&#8221;on|desktop&#8221; module_alignment_tablet=&#8221;right&#8221; module_alignment_phone=&#8221;right&#8221; module_alignment_last_edited=&#8221;on|tablet&#8221; global_colors_info=&#8221;{}&#8221;]<\/p>\n<h2><span class=\"s1\">Welcome to Venabygdsfjellet<\/span><\/h2>\n<p>[\/et_pb_text][et_pb_text _builder_version=&#8221;4.24.0&#8243; _module_preset=&#8221;37b75796-a1b8-43f6-939a-67a453ef0f47&#8243; link_font=&#8221;||||||||&#8221; link_text_color=&#8221;#EF989D&#8221; text_font_size_tablet=&#8221;&#8221; text_font_size_phone=&#8221;20px&#8221; text_font_size_last_edited=&#8221;on|phone&#8221; global_colors_info=&#8221;{}&#8221;]<\/p>\n<p>If you&#8217;re looking for a cabin to rent, we may have the cabin for you!<\/p>\n<p>We rent out cabins on a short-term, fixed-term or corporate basis. Our cabins are scattered around Venabygdsfjellet and we have cabins with different standards and locations.<\/p>\n<p>A number of older fishing lodges are located in the snowy mountains with fishing lakes or hunting grounds right outside the door.<\/p>\n<p>The majority of cabins with a high standard are located at Kj\u00f8rkjegardsfjellet and Forbundsfjellet (H\u00f8g\u00e5sen). These have a size of between 80-120<span>m\u00b2<\/span>.<\/p>\n<p>If you&#8217;re looking for cabins to relax with the family, a weekend getaway with friends or a company cabin, we may have the cabin you&#8217;re looking for.<\/p>\n<p>&nbsp;<\/p>\n<p>&nbsp;<\/p>\n<p>[\/et_pb_text][\/et_pb_column][et_pb_column type=&#8221;1_2&#8243; _builder_version=&#8221;4.24.0&#8243; _module_preset=&#8221;default&#8221; global_colors_info=&#8221;{}&#8221;][et_pb_image src=&#8221;https:\/\/haugstadhytter.no\/wp-content\/uploads\/2024\/02\/IMG_8399.jpeg&#8221; title_text=&#8221;IMG_8399&#8243; src_tablet=&#8221;https:\/\/haugstadhytter.no\/wp-content\/uploads\/2024\/02\/IMG_8399.jpeg&#8221; src_phone=&#8221;https:\/\/haugstadhytter.no\/wp-content\/uploads\/2024\/02\/IMG_8399.jpeg&#8221; src_last_edited=&#8221;on|tablet&#8221; align_tablet=&#8221;right&#8221; align_phone=&#8221;right&#8221; align_last_edited=&#8221;on|tablet&#8221; _builder_version=&#8221;4.27.4&#8243; _module_preset=&#8221;default&#8221; width=&#8221;100%&#8221; min_height=&#8221;454px&#8221; custom_margin=&#8221;9px|||-12px||&#8221; border_radii=&#8221;off||||100px&#8221; border_radii_tablet=&#8221;off||||100px&#8221; border_radii_phone=&#8221;off||||30px&#8221; border_radii_last_edited=&#8221;on|phone&#8221; global_colors_info=&#8221;{}&#8221;][\/et_pb_image][et_pb_image src=&#8221;https:\/\/haugstadhytter.no\/wp-content\/uploads\/2025\/06\/IMG_4206-scaled.jpeg&#8221; title_text=&#8221;IMG_4206&#8243; _builder_version=&#8221;4.27.4&#8243; _module_preset=&#8221;default&#8221; border_radii=&#8221;off|100px|10px|10px|10px&#8221; global_colors_info=&#8221;{}&#8221;][\/et_pb_image][\/et_pb_column][\/et_pb_row][\/et_pb_section][et_pb_section fb_built=&#8221;1&#8243; custom_padding_last_edited=&#8221;on|desktop&#8221; _builder_version=&#8221;4.24.0&#8243; _module_preset=&#8221;default&#8221; use_background_color_gradient=&#8221;on&#8221; background_color_gradient_stops=&#8221;#2f0918 30%|#f8e5f0 30%&#8221; custom_padding=&#8221;50px||100px||false|&#8221; custom_padding_tablet=&#8221;100px||100px||true|&#8221; custom_padding_phone=&#8221;50px||50px||false|false&#8221; background_last_edited=&#8221;on|phone&#8221; use_background_color_gradient_phone=&#8221;on&#8221; background_color_gradient_stops_phone=&#8221;#2f0918 20%|#f8e5f0 20%|#f8e5f0 100%&#8221; locked=&#8221;off&#8221; global_colors_info=&#8221;{}&#8221;][et_pb_row _builder_version=&#8221;4.24.0&#8243; _module_preset=&#8221;default&#8221; custom_padding=&#8221;0px||2px|||&#8221; global_colors_info=&#8221;{}&#8221;][et_pb_column type=&#8221;4_4&#8243; _builder_version=&#8221;4.24.0&#8243; _module_preset=&#8221;default&#8221; global_colors_info=&#8221;{}&#8221;][et_pb_video src=&#8221;https:\/\/haugstadhytter.no\/wp-content\/uploads\/2024\/04\/Muen-hytta-.mp4&#8243; module_class=&#8221;dm-autoplay-btn&#8221; _builder_version=&#8221;4.24.0&#8243; _module_preset=&#8221;default&#8221; custom_margin=&#8221;||100px|||&#8221; custom_margin_tablet=&#8221;||100px|||&#8221; custom_margin_phone=&#8221;||50px||false|false&#8221; custom_margin_last_edited=&#8221;on|phone&#8221; custom_padding_tablet=&#8221;&#8221; custom_padding_phone=&#8221;||||false|false&#8221; custom_padding_last_edited=&#8221;on|phone&#8221; border_radii=&#8221;on|100px|100px|100px|100px&#8221; border_radii_tablet=&#8221;on|100px|100px|100px|100px&#8221; border_radii_phone=&#8221;on|30px|30px|30px|30px&#8221; border_radii_last_edited=&#8221;on|phone&#8221; global_colors_info=&#8221;{}&#8221;][\/et_pb_video][et_pb_text _builder_version=&#8221;4.24.0&#8243; _module_preset=&#8221;f77aefed-e7ce-4f36-812d-5a106bff1559&#8243; header_4_font=&#8221;Bricolage Grotesque|300||on|||||&#8221; header_4_text_align=&#8221;center&#8221; header_4_text_color=&#8221;#2F0918&#8243; min_height=&#8221;39px&#8221; global_colors_info=&#8221;{}&#8221;]<\/p>\n<h4 class=\"p1\">area<\/h4>\n<p>[\/et_pb_text][et_pb_text _builder_version=&#8221;4.25.1&#8243; _module_preset=&#8221;62cd34f1-4c29-4775-8532-55594f92fbc0&#8243; header_2_font=&#8221;||||||||&#8221; header_2_text_align=&#8221;center&#8221; header_2_text_color=&#8221;#2F0918&#8243; header_2_font_size=&#8221;60px&#8221; header_2_line_height=&#8221;1.2em&#8221; custom_padding=&#8221;||27px|||&#8221; header_2_font_size_phone=&#8221;30px&#8221; global_colors_info=&#8221;{}&#8221;]<\/p>\n<h2 class=\"p1\"><span class=\"s1\">Experience the tranquility of Venabygdsfjellet<\/span><\/h2>\n<p>[\/et_pb_text][et_pb_text _builder_version=&#8221;4.24.0&#8243; _module_preset=&#8221;37b75796-a1b8-43f6-939a-67a453ef0f47&#8243; text_text_color=&#8221;#2F0918&#8243; text_orientation=&#8221;center&#8221; custom_margin=&#8221;||||false|false&#8221; text_font_size_tablet=&#8221;&#8221; text_font_size_phone=&#8221;20px&#8221; text_font_size_last_edited=&#8221;on|phone&#8221; global_colors_info=&#8221;{}&#8221;]<\/p>\n<p class=\"p1\">Are you dreaming of a mountain vacation without the hectic crowds?<br \/>Then Venabygdsfjellet is the perfect place for you. While others seek out the more crowded destinations, Venabygdsfjellet has retained its genuine charm and unique tranquillity.<\/p>\n<p>[\/et_pb_text][et_pb_button button_text=&#8221;See what you can do in the area&#8221; _builder_version=&#8221;4.24.0&#8243; _module_preset=&#8221;5b98211a-442f-4872-9068-65ac658cd9b7&#8243; global_colors_info=&#8221;{}&#8221;][\/et_pb_button][\/et_pb_column][\/et_pb_row][\/et_pb_section][et_pb_section fb_built=&#8221;1&#8243; custom_padding_last_edited=&#8221;on|phone&#8221; _builder_version=&#8221;4.24.0&#8243; _module_preset=&#8221;default&#8221; custom_padding=&#8221;150px||150px||true|&#8221; custom_padding_tablet=&#8221;100px||200px||false|&#8221; custom_padding_phone=&#8221;80px||100px||false|false&#8221; locked=&#8221;off&#8221; global_colors_info=&#8221;{}&#8221;][et_pb_row _builder_version=&#8221;4.24.0&#8243; _module_preset=&#8221;default&#8221; custom_padding=&#8221;0px||2px|||&#8221; locked=&#8221;off&#8221; global_colors_info=&#8221;{}&#8221;][et_pb_column type=&#8221;4_4&#8243; _builder_version=&#8221;4.24.0&#8243; _module_preset=&#8221;default&#8221; global_colors_info=&#8221;{}&#8221;][et_pb_text _builder_version=&#8221;4.24.0&#8243; _module_preset=&#8221;f77aefed-e7ce-4f36-812d-5a106bff1559&#8243; header_4_font=&#8221;Bricolage Grotesque|300||on|||||&#8221; header_4_text_align=&#8221;center&#8221; header_4_text_color=&#8221;#F8E5F0&#8243; custom_padding=&#8221;||7px|||&#8221; global_colors_info=&#8221;{}&#8221;]<\/p>\n<h4 class=\"p1\">We&#8217;re fixing the most!<\/h4>\n<p>[\/et_pb_text][et_pb_text _builder_version=&#8221;4.24.0&#8243; _module_preset=&#8221;62cd34f1-4c29-4775-8532-55594f92fbc0&#8243; header_2_font=&#8221;||||||||&#8221; header_2_text_align=&#8221;center&#8221; header_2_font_size=&#8221;60px&#8221; header_2_line_height=&#8221;1.2em&#8221; custom_padding=&#8221;||27px|||&#8221; header_2_font_size_tablet=&#8221;60px&#8221; header_2_font_size_phone=&#8221;45px&#8221; header_2_font_size_last_edited=&#8221;on|phone&#8221; global_colors_info=&#8221;{}&#8221;]<\/p>\n<h2 class=\"p1\"><span class=\"s1\">Easy and comfortable<\/span><\/h2>\n<p>[\/et_pb_text][\/et_pb_column][\/et_pb_row][et_pb_row _builder_version=&#8221;4.24.0&#8243; _module_preset=&#8221;default&#8221; custom_padding=&#8221;0px||0px|||&#8221; global_module=&#8221;423&#8243; saved_tabs=&#8221;all&#8221; global_colors_info=&#8221;{}&#8221;][et_pb_column type=&#8221;4_4&#8243; _builder_version=&#8221;4.24.0&#8243; _module_preset=&#8221;default&#8221; global_colors_info=&#8221;{}&#8221;][et_pb_slider show_arrows=&#8221;off&#8221; arrows_custom_color=&#8221;#F8E5F0&#8243; dot_nav_custom_color=&#8221;#F8E5F0&#8243; _builder_version=&#8221;4.24.0&#8243; _module_preset=&#8221;default&#8221; header_font=&#8221;||||||||&#8221; header_text_color=&#8221;#EF989D&#8221; header_font_size=&#8221;50px&#8221; header_line_height=&#8221;1.4em&#8221; body_font=&#8221;Bricolage Grotesque|300|||||||&#8221; body_text_color=&#8221;#F8E5F0&#8243; body_font_size=&#8221;30px&#8221; body_line_height=&#8221;1.4em&#8221; background_color=&#8221;#2F0918&#8243; custom_button=&#8221;on&#8221; button_text_color=&#8221;#2F0918&#8243; button_bg_color=&#8221;#F8E5F0&#8243; button_border_width=&#8221;0px&#8221; button_border_color=&#8221;#F8E5F0&#8243; button_border_radius=&#8221;0px&#8221; button_font=&#8221;Bricolage Grotesque|300|||||||&#8221; button_icon=&#8221;&#xe00b;||divi||400&#8243; content_width_tablet=&#8221;100%&#8221; content_width_phone=&#8221;80%&#8221; content_width_last_edited=&#8221;on|phone&#8221; custom_margin=&#8221;||||false|false&#8221; custom_padding=&#8221;65px||65px||true|false&#8221; custom_padding_tablet=&#8221;80px||80px||true|false&#8221; custom_padding_phone=&#8221;30px||70px||false|false&#8221; custom_padding_last_edited=&#8221;on|phone&#8221; auto=&#8221;on&#8221; auto_speed=&#8221;3000&#8243; header_font_size_tablet=&#8221;35px&#8221; header_font_size_phone=&#8221;30px&#8221; header_font_size_last_edited=&#8221;on|phone&#8221; body_font_size_tablet=&#8221;25px&#8221; body_font_size_phone=&#8221;20px&#8221; body_font_size_last_edited=&#8221;on|phone&#8221; custom_css_main_element=&#8221;font-family: afronaut;&#8221; border_radii=&#8221;off||||&#8221; border_radii_image=&#8221;off|||30px|&#8221; border_radii_image_tablet=&#8221;&#8221; border_radii_image_phone=&#8221;&#8221; border_radii_image_last_edited=&#8221;on|desktop&#8221; global_colors_info=&#8221;{}&#8221;][et_pb_slide heading=&#8221;By&#8221; button_text=&#8221;Call for booking&#8221; button_link=&#8221;tel:95888460&#8243; image=&#8221;https:\/\/haugstadhytter.no\/wp-content\/uploads\/2024\/02\/andre-govia-y5DxLQ5yyao-unsplash-scaled.jpg&#8221; _builder_version=&#8221;4.24.0&#8243; _module_preset=&#8221;default&#8221; global_colors_info=&#8221;{}&#8221; sticky_transition=&#8221;on&#8221;]<\/p>\n<p>We sell dry birch wood in 1000-liter bags delivered to your door. Get in touch to secure firewood for next winter!<\/p>\n<p>[\/et_pb_slide][et_pb_slide heading=&#8221;Snow plowing&#8221; button_text=&#8221;Call for booking&#8221; button_link=&#8221;tel:95888460&#8243; image=&#8221;https:\/\/haugstadhytter.no\/wp-content\/uploads\/2024\/02\/Svartfjell.jpeg&#8221; _builder_version=&#8221;4.24.0&#8243; _module_preset=&#8221;default&#8221; global_colors_info=&#8221;{}&#8221; sticky_transition=&#8221;on&#8221;]<\/p>\n<p>We take care of most things to make it easy for you!<\/p>\n<p>[\/et_pb_slide][\/et_pb_slider][et_pb_button button_url=&#8221;@ET-DC@eyJkeW5hbWljIjp0cnVlLCJjb250ZW50IjoicG9zdF9saW5rX3VybF9wYWdlIiwic2V0dGluZ3MiOnsicG9zdF9pZCI6IjUwIn19@&#8221; button_text=&#8221;See our services&#8221; button_alignment=&#8221;center&#8221; _builder_version=&#8221;4.24.0&#8243; _dynamic_attributes=&#8221;button_url&#8221; _module_preset=&#8221;f95948ca-e964-40c5-9718-cc9571dd1768&#8243; global_colors_info=&#8221;{}&#8221;][\/et_pb_button][\/et_pb_column][\/et_pb_row][\/et_pb_section][et_pb_section fb_built=&#8221;1&#8243; custom_padding_last_edited=&#8221;on|tablet&#8221; _builder_version=&#8221;4.24.0&#8243; background_color=&#8221;#F8E5F0&#8243; custom_padding=&#8221;100px||100px||true|&#8221; custom_padding_tablet=&#8221;80px||80px|&#8221; custom_padding_phone=&#8221;10px||60px||false|false&#8221; locked=&#8221;off&#8221; global_colors_info=&#8221;{}&#8221;][et_pb_row _builder_version=&#8221;4.16&#8243; locked=&#8221;off&#8221; global_colors_info=&#8221;{}&#8221;][et_pb_column type=&#8221;4_4&#8243; _builder_version=&#8221;4.16&#8243; custom_padding=&#8221;|||&#8221; global_colors_info=&#8221;{}&#8221; custom_padding__hover=&#8221;|||&#8221;][et_pb_text _builder_version=&#8221;4.24.0&#8243; _module_preset=&#8221;62cd34f1-4c29-4775-8532-55594f92fbc0&#8243; header_2_text_color=&#8221;#2F0918&#8243; text_orientation=&#8221;center&#8221; locked=&#8221;off&#8221; global_colors_info=&#8221;{}&#8221;]<\/p>\n<h2 class=\"p1\"><span class=\"s1\">Welcome to the mountains!<\/span><\/h2>\n<p>[\/et_pb_text][\/et_pb_column][\/et_pb_row][et_pb_row column_structure=&#8221;1_3,1_3,1_3&#8243; use_custom_gutter=&#8221;on&#8221; gutter_width=&#8221;2&#8243; _builder_version=&#8221;4.24.0&#8243; custom_padding=&#8221;0px||0px|||&#8221; locked=&#8221;off&#8221; global_colors_info=&#8221;{}&#8221;][et_pb_column type=&#8221;1_3&#8243; _builder_version=&#8221;4.16&#8243; custom_padding=&#8221;|||&#8221; global_colors_info=&#8221;{}&#8221; custom_padding__hover=&#8221;|||&#8221;][et_pb_blurb title=&#8221;Family-friendly atmosphere&#8221; use_icon=&#8221;on&#8221; font_icon=&#8221;&#xf015;||fa||900&#8243; image_icon_width=&#8221;36px&#8221; _builder_version=&#8221;4.24.0&#8243; header_font=&#8221;Bricolage Grotesque|300|||||||&#8221; header_text_color=&#8221;#2F0918&#8243; header_font_size=&#8221;30px&#8221; header_line_height=&#8221;1.1em&#8221; body_font=&#8221;Bricolage Grotesque|300|||||||&#8221; body_text_color=&#8221;#FFFFFF&#8221; body_font_size=&#8221;20px&#8221; body_line_height=&#8221;1.4em&#8221; background_enable_color=&#8221;off&#8221; background_size=&#8221;initial&#8221; background_position=&#8221;top_left&#8221; background_repeat=&#8221;repeat&#8221; image_icon_custom_padding=&#8221;20px|20px|20px|20px|true|true&#8221; custom_padding=&#8221;30px||30px||true|false&#8221; custom_padding_tablet=&#8221;30px||30px||true|false&#8221; custom_padding_phone=&#8221;0px||0px||true|false&#8221; custom_padding_last_edited=&#8221;on|phone&#8221; animation_style=&#8221;fold&#8221; animation_direction=&#8221;right&#8221; animation_intensity_fold=&#8221;41%&#8221; border_radii_image=&#8221;on|100%|100%|100%|100%&#8221; border_color_all_image=&#8221;#EF989D&#8221; icon_font_size=&#8221;36px&#8221; use_circle=&#8221;on&#8221; use_circle_border=&#8221;on&#8221; circle_border_color=&#8221;#ed4441&#8243; circle_color=&#8221;rgba(255,255,255,0)&#8221; locked=&#8221;off&#8221; global_colors_info=&#8221;{}&#8221; image_icon_background_color__sticky_enabled=&#8221;#7EBEC5&#8243; image_icon_background_color__sticky=&#8221;#7EBEC5&#8243;][\/et_pb_blurb][\/et_pb_column][et_pb_column type=&#8221;1_3&#8243; _builder_version=&#8221;4.16&#8243; custom_padding=&#8221;|||&#8221; global_colors_info=&#8221;{}&#8221; custom_padding__hover=&#8221;|||&#8221;][et_pb_blurb use_icon=&#8221;on&#8221; font_icon=&#8221;&#xe089;||divi||400&#8243; image_icon_width=&#8221;36px&#8221; _builder_version=&#8221;4.25.0&#8243; header_font=&#8221;Bricolage Grotesque|300|||||||&#8221; header_text_color=&#8221;#2F0918&#8243; header_font_size=&#8221;30px&#8221; header_line_height=&#8221;1.1em&#8221; body_font=&#8221;Bricolage Grotesque|300|||||||&#8221; body_text_color=&#8221;#2F0918&#8243; body_font_size=&#8221;30px&#8221; body_line_height=&#8221;1.1em&#8221; background_enable_color=&#8221;off&#8221; background_size=&#8221;initial&#8221; background_position=&#8221;top_left&#8221; background_repeat=&#8221;repeat&#8221; image_icon_custom_padding=&#8221;20px|20px|20px|20px|true|true&#8221; custom_padding=&#8221;30px||30px||true|false&#8221; custom_padding_tablet=&#8221;30px||30px||true|false&#8221; custom_padding_phone=&#8221;10px||10px||true|false&#8221; custom_padding_last_edited=&#8221;on|phone&#8221; animation_style=&#8221;fold&#8221; animation_direction=&#8221;right&#8221; animation_intensity_fold=&#8221;41%&#8221; header_line_height_tablet=&#8221;2.4em&#8221; header_line_height_phone=&#8221;1.3em&#8221; header_line_height_last_edited=&#8221;on|phone&#8221; border_radii_image=&#8221;on|100%|100%|100%|100%&#8221; border_color_all_image=&#8221;#EF989D&#8221; icon_font_size=&#8221;36px&#8221; use_circle=&#8221;on&#8221; use_circle_border=&#8221;on&#8221; circle_border_color=&#8221;#ed4441&#8243; circle_color=&#8221;rgba(255,255,255,0)&#8221; locked=&#8221;off&#8221; global_colors_info=&#8221;{}&#8221; image_icon_background_color__sticky_enabled=&#8221;#7EBEC5&#8243; image_icon_background_color__sticky=&#8221;#7EBEC5&#8243;]<\/p>\n<p>Genuine <br \/>mountain hospitality<\/p>\n<p>[\/et_pb_blurb][\/et_pb_column][et_pb_column type=&#8221;1_3&#8243; _builder_version=&#8221;4.16&#8243; custom_padding=&#8221;|||&#8221; global_colors_info=&#8221;{}&#8221; custom_padding__hover=&#8221;|||&#8221;][et_pb_blurb title=&#8221;Mountain activities without the masses&#8221; use_icon=&#8221;on&#8221; font_icon=&#8221;&#xf7ca;||fa||900&#8243; image_icon_width=&#8221;36px&#8221; _builder_version=&#8221;4.25.0&#8243; header_font=&#8221;Bricolage Grotesque|300|||||||&#8221; header_text_color=&#8221;#2F0918&#8243; header_font_size=&#8221;30px&#8221; header_line_height=&#8221;1.1em&#8221; body_font=&#8221;Bricolage Grotesque|300|||||||&#8221; body_text_color=&#8221;#FFFFFF&#8221; body_font_size=&#8221;20px&#8221; body_line_height=&#8221;1.4em&#8221; background_enable_color=&#8221;off&#8221; background_size=&#8221;initial&#8221; background_position=&#8221;top_left&#8221; background_repeat=&#8221;repeat&#8221; image_icon_custom_padding=&#8221;20px|20px|20px|20px|true|true&#8221; custom_padding=&#8221;30px||30px||true|false&#8221; custom_padding_tablet=&#8221;30px||30px||true|false&#8221; custom_padding_phone=&#8221;10px||10px||true|false&#8221; custom_padding_last_edited=&#8221;on|phone&#8221; animation_style=&#8221;fold&#8221; animation_direction=&#8221;right&#8221; animation_intensity_fold=&#8221;41%&#8221; border_radii_image=&#8221;on|60%|60%|60%|60%&#8221; border_color_all_image=&#8221;#EF989D&#8221; icon_font_size=&#8221;36px&#8221; use_circle=&#8221;on&#8221; use_circle_border=&#8221;on&#8221; circle_border_color=&#8221;#ed4441&#8243; circle_color=&#8221;rgba(255,255,255,0)&#8221; locked=&#8221;off&#8221; global_colors_info=&#8221;{}&#8221; image_icon_background_color__sticky_enabled=&#8221;#7EBEC5&#8243; image_icon_background_color__sticky=&#8221;#7EBEC5&#8243;][\/et_pb_blurb][\/et_pb_column][\/et_pb_row][\/et_pb_section]<\/p>\n","protected":false},"excerpt":{"rendered":"<p>Welcome to VenabygdsfjelletIf you&#8217;re looking for a cabin to rent, we may have the cabin for you! We rent out cabins on a short-term, fixed-term or corporate basis. Our cabins are scattered around Venabygdsfjellet and we have cabins with different standards and locations. A number of older fishing lodges are located in the snowy mountains [&hellip;]<\/p>\n","protected":false},"author":3,"featured_media":1577,"parent":0,"menu_order":0,"comment_status":"closed","ping_status":"closed","template":"","meta":{"_et_pb_use_builder":"on","_et_pb_old_content":"","_et_gb_content_width":"","footnotes":""},"dipi_cpt_category":[],"class_list":["post-2290","page","type-page","status-publish","has-post-thumbnail","hentry"],"_links":{"self":[{"href":"https:\/\/haugstadhytter.no\/en\/wp-json\/wp\/v2\/pages\/2290","targetHints":{"allow":["GET"]}}],"collection":[{"href":"https:\/\/haugstadhytter.no\/en\/wp-json\/wp\/v2\/pages"}],"about":[{"href":"https:\/\/haugstadhytter.no\/en\/wp-json\/wp\/v2\/types\/page"}],"author":[{"embeddable":true,"href":"https:\/\/haugstadhytter.no\/en\/wp-json\/wp\/v2\/users\/3"}],"replies":[{"embeddable":true,"href":"https:\/\/haugstadhytter.no\/en\/wp-json\/wp\/v2\/comments?post=2290"}],"version-history":[{"count":2,"href":"https:\/\/haugstadhytter.no\/en\/wp-json\/wp\/v2\/pages\/2290\/revisions"}],"predecessor-version":[{"id":4104,"href":"https:\/\/haugstadhytter.no\/en\/wp-json\/wp\/v2\/pages\/2290\/revisions\/4104"}],"wp:featuredmedia":[{"embeddable":true,"href":"https:\/\/haugstadhytter.no\/en\/wp-json\/wp\/v2\/media\/1577"}],"wp:attachment":[{"href":"https:\/\/haugstadhytter.no\/en\/wp-json\/wp\/v2\/media?parent=2290"}],"wp:term":[{"taxonomy":"dipi_cpt_category","embeddable":true,"href":"https:\/\/haugstadhytter.no\/en\/wp-json\/wp\/v2\/dipi_cpt_category?post=2290"}],"curies":[{"name":"wp","href":"https:\/\/api.w.org\/{rel}","templated":true}]}}